{"id":32,"date":"2021-09-02T07:50:43","date_gmt":"2021-09-02T07:50:43","guid":{"rendered":"https:\/\/doccasfood.es\/?page_id=32"},"modified":"2021-09-08T11:07:13","modified_gmt":"2021-09-08T11:07:13","slug":"doccas-food-home","status":"publish","type":"page","link":"https:\/\/doccasfood.es\/","title":{"rendered":"Doccas Food &#8211; Home"},"content":{"rendered":"[vc_row full_width=\u00bbstretch_row_content\u00bb full_height=\u00bbyes\u00bb content_placement=\u00bbmiddle\u00bb css_animation=\u00bbfadeIn\u00bb css=\u00bb.vc_custom_1631099232203{background-image: url(https:\/\/doccasfood.es\/wp-content\/uploads\/2021\/09\/DOCCAS-WEB-RECURSOS_IMG-HOME.png?id=178) !important;background-position: center !important;background-repeat: no-repeat !important;background-size: cover !important;}\u00bb][vc_column css_animation=\u00bbfadeIn\u00bb width=\u00bb1\/3&#8243; css=\u00bb.vc_custom_1630919298339{padding-top: -10% !important;padding-right: 15% !important;padding-left: 15% !important;background-color: rgba(255,255,255,0.85) !important;*background-color: rgb(255,255,255) !important;}\u00bb][vc_separator color=\u00bbcustom\u00bb border_width=\u00bb2&#8243; el_width=\u00bb10&#8243; css_animation=\u00bbfadeIn\u00bb accent_color=\u00bbrgba(255,255,255,0.01)\u00bb css=\u00bb.vc_custom_1630659017932{padding-top: 2% !important;}\u00bb]<h3 class=\"frgn-element frgn-title frgn-align-inherit frgn-h3\" style=\"\"><span>\n<h1>Margarinas y untables para el canal Retail.<\/h1>\n<\/span><\/h3>[vc_separator color=\u00bbcustom\u00bb border_width=\u00bb2&#8243; el_width=\u00bb10&#8243; css_animation=\u00bbfadeIn\u00bb accent_color=\u00bbrgba(255,255,255,0.01)\u00bb css=\u00bb.vc_custom_1630659017932{padding-top: 2% !important;}\u00bb][\/vc_column][vc_column width=\u00bb1\/3&#8243; offset=\u00bbvc_hidden-sm vc_hidden-xs\u00bb][\/vc_column][vc_column width=\u00bb1\/3&#8243; offset=\u00bbvc_hidden-sm vc_hidden-xs\u00bb][\/vc_column][\/vc_row][vc_row full_width=\u00bbstretch_row_content\u00bb][vc_column css=\u00bb.vc_custom_1630655191701{padding-top: 2% !important;padding-right: 5% !important;padding-left: 5% !important;}\u00bb]<h3 class=\"frgn-element frgn-title frgn-align-inherit frgn-animated-item frgn-duration-normal frgn-fade-in frgn-h3\" style=\"\" data-delay=\"200\"><span>\n<h1 style=\"text-align: center;\">Nos <span style=\"color: #ffd040;\">esforzamos<\/span> por ti\u2026 Nos <span style=\"color: #ffd040;\">adaptamos<\/span> a ti.<\/h1>\n<\/span><\/h3>[vc_column_text css_animation=\u00bbfadeIn\u00bb]\n<p style=\"text-align: center;\"><strong>Doccas Food<\/strong> nace de la experiencia y el know how de m\u00e1s de 35 a\u00f1os trabajando para la industria de la alimentaci\u00f3n con absoluta vocaci\u00f3n y aut\u00e9ntica pasi\u00f3n.<\/p>\n<p style=\"text-align: center;\">Pertenecemos al Grupo GA Alimentaria, nuestra factor\u00eda es l\u00edder nacional en la fabricaci\u00f3n de margarinas y otros untables para el canal retail y uno de los grandes representantes del sector a nivel Europeo.<\/p>\n[\/vc_column_text][vc_separator color=\u00bbcustom\u00bb border_width=\u00bb2&#8243; el_width=\u00bb50&#8243; css_animation=\u00bbfadeIn\u00bb accent_color=\u00bb#ffd040&#8243; css=\u00bb.vc_custom_1630655406608{padding-top: 5% !important;}\u00bb][\/vc_column][\/vc_row][vc_row full_width=\u00bbstretch_row_content\u00bb css=\u00bb.vc_custom_1630655254892{padding-right: 10% !important;padding-left: 10% !important;}\u00bb][vc_column css=\u00bb.vc_custom_1630597556722{margin-top: 5% !important;}\u00bb][vc_single_image image=\u00bb167&#8243; img_size=\u00bblarge\u00bb alignment=\u00bbcenter\u00bb css_animation=\u00bbfadeIn\u00bb css=\u00bb.vc_custom_1630654075527{padding-right: 0px !important;padding-left: 0px !important;}\u00bb][\/vc_column][\/vc_row][vc_row full_width=\u00bbstretch_row_content\u00bb content_placement=\u00bbmiddle\u00bb][vc_column width=\u00bb2\/3&#8243; css=\u00bb.vc_custom_1630653716157{padding-right: 15% !important;padding-left: 15% !important;}\u00bb][vc_single_image image=\u00bb155&#8243; img_size=\u00bbfull\u00bb alignment=\u00bbcenter\u00bb css_animation=\u00bbfadeIn\u00bb][\/vc_column][vc_column css_animation=\u00bbfadeIn\u00bb width=\u00bb1\/3&#8243; css=\u00bb.vc_custom_1630663715957{padding-right: 15% !important;padding-left: 15% !important;}\u00bb]<h3 class=\"frgn-element frgn-title frgn-align-inherit frgn-h3\" style=\"\"><span>\n<h1 style=\"text-align: right;\">L\u00edderes en <span style=\"color: #ffd040;\">innovaci\u00f3n<\/span> y<br \/>\nvalores a\u00f1adidos.<\/h1>\n<\/span><\/h3>[vc_column_text]\n<p style=\"text-align: right;\">Por que se nos reconoce por nuestro esfuerzo y saber hacer estamos presentes en todos los mercados internacionales: Norte Am\u00e9rica, Centro Am\u00e9rica, Sudam\u00e9rica, Europa, \u00c1frica, Oriente Medio y Asia.<\/p>\n[\/vc_column_text][\/vc_column][\/vc_row][vc_row full_width=\u00bbstretch_row_content\u00bb content_placement=\u00bbmiddle\u00bb css=\u00bb.vc_custom_1630655369701{background-position: center !important;background-repeat: no-repeat !important;background-size: cover !important;}\u00bb][vc_column css_animation=\u00bbfadeIn\u00bb width=\u00bb1\/2&#8243; css=\u00bb.vc_custom_1630663727047{padding-right: 15% !important;padding-left: 15% !important;}\u00bb]<h3 class=\"frgn-element frgn-title frgn-align-inherit frgn-animated-item frgn-duration-normal frgn-fade-in frgn-h3\" style=\"\" data-delay=\"200\"><span>\n<h1>Ponemos el <span style=\"color: #ffd040;\">coraz\u00f3n<\/span> en todo lo que hacemos.<\/h1>\n<\/span><\/h3>[vc_column_text]\n<p style=\"text-align: left;\">Y por ello somos una marca de confianza, estando presentes en hogares de todo el mundo. Nos esforzamos por seguir siendo <strong>reconocidos por nuestra calidad<\/strong> y por los valores a\u00f1adidos que aportamos.<\/p>\n[\/vc_column_text][\/vc_column][vc_column width=\u00bb1\/2&#8243;][vc_single_image image=\u00bb184&#8243; img_size=\u00bbfull\u00bb alignment=\u00bbcenter\u00bb css_animation=\u00bbfadeIn\u00bb][\/vc_column][\/vc_row][vc_row full_width=\u00bbstretch_row_content\u00bb gap=\u00bb25&#8243; css=\u00bb.vc_custom_1630658894485{padding-right: 5% !important;padding-left: 5% !important;}\u00bb][vc_column width=\u00bb1\/5&#8243;][vc_single_image image=\u00bb201&#8243; alignment=\u00bbcenter\u00bb css_animation=\u00bbfadeIn\u00bb css=\u00bb.vc_custom_1630658448455{padding-right: 10% !important;padding-left: 10% !important;}\u00bb]<h3 class=\"frgn-element frgn-title frgn-align-inherit frgn-h3\" style=\"\"><span>\n<h2 style=\"text-align: center;\">VERS\u00c1TILES<\/h2>\n<\/span><\/h3>[\/vc_column][vc_column width=\u00bb1\/5&#8243;][vc_single_image image=\u00bb202&#8243; alignment=\u00bbcenter\u00bb css_animation=\u00bbfadeIn\u00bb css=\u00bb.vc_custom_1630658483957{padding-right: 10% !important;padding-left: 10% !important;}\u00bb]<h3 class=\"frgn-element frgn-title frgn-align-inherit frgn-h3\" style=\"\"><span>\n<h2 style=\"text-align: center;\">CERCANOS<\/h2>\n<\/span><\/h3>[\/vc_column][vc_column width=\u00bb1\/5&#8243;][vc_single_image image=\u00bb203&#8243; alignment=\u00bbcenter\u00bb css_animation=\u00bbfadeIn\u00bb css=\u00bb.vc_custom_1630658491436{padding-right: 10% !important;padding-left: 10% !important;}\u00bb]<h3 class=\"frgn-element frgn-title frgn-align-inherit frgn-h3\" style=\"\"><span>\n<h2 style=\"text-align: center;\">FLEXIBLES<\/h2>\n<\/span><\/h3>[\/vc_column][vc_column width=\u00bb1\/5&#8243;][vc_single_image image=\u00bb204&#8243; alignment=\u00bbcenter\u00bb css_animation=\u00bbfadeIn\u00bb css=\u00bb.vc_custom_1630658502043{padding-right: 10% !important;padding-left: 10% !important;}\u00bb]<h3 class=\"frgn-element frgn-title frgn-align-inherit frgn-h3\" style=\"\"><span>\n<h2 style=\"text-align: center;\">TRANSPARENTES<\/h2>\n<\/span><\/h3>[\/vc_column][vc_column width=\u00bb1\/5&#8243;][vc_single_image image=\u00bb205&#8243; alignment=\u00bbcenter\u00bb css_animation=\u00bbfadeIn\u00bb css=\u00bb.vc_custom_1630658514068{padding-right: 10% !important;padding-left: 10% !important;}\u00bb]<h3 class=\"frgn-element frgn-title frgn-align-inherit frgn-h3\" style=\"\"><span>\n<h2 style=\"text-align: center;\">\u00c1GILES<\/h2>\n<\/span><\/h3>[\/vc_column][\/vc_row][vc_row full_width=\u00bbstretch_row_content_no_spaces\u00bb content_placement=\u00bbmiddle\u00bb css=\u00bb.vc_custom_1630661139879{background-color: rgba(255,255,255,0.01) !important;background-position: center !important;background-repeat: no-repeat !important;background-size: contain !important;*background-color: rgb(255,255,255) !important;}\u00bb][vc_column css_animation=\u00bbfadeIn\u00bb][vc_separator color=\u00bbcustom\u00bb border_width=\u00bb2&#8243; el_width=\u00bb10&#8243; css_animation=\u00bbfadeIn\u00bb accent_color=\u00bbrgba(255,255,255,0.01)\u00bb css=\u00bb.vc_custom_1630659017932{padding-top: 2% !important;}\u00bb][\/vc_column][\/vc_row][vc_row full_width=\u00bbstretch_row_content_no_spaces\u00bb content_placement=\u00bbmiddle\u00bb css=\u00bb.vc_custom_1630662557872{margin-bottom: 0px !important;border-bottom-width: 0px !important;padding-bottom: 0px !important;background-color: rgba(255,255,255,0.01) !important;background-position: center !important;background-repeat: no-repeat !important;background-size: contain !important;*background-color: rgb(255,255,255) !important;}\u00bb][vc_column css_animation=\u00bbfadeIn\u00bb css=\u00bb.vc_custom_1630663965351{margin-bottom: 0px !important;border-bottom-width: 0px !important;}\u00bb offset=\u00bbvc_hidden-sm vc_hidden-xs\u00bb][vc_single_image image=\u00bb223&#8243; img_size=\u00bbfull\u00bb alignment=\u00bbcenter\u00bb css=\u00bb.vc_custom_1630662805918{margin-bottom: 0px !important;border-bottom-width: 0px !important;}\u00bb][\/vc_column][\/vc_row][vc_row full_width=\u00bbstretch_row_content_no_spaces\u00bb content_placement=\u00bbmiddle\u00bb css=\u00bb.vc_custom_1630662518148{margin-top: 0px !important;border-top-width: 0px !important;padding-top: 0px !important;background-color: #ffd040 !important;background-position: center !important;background-repeat: no-repeat !important;background-size: contain !important;}\u00bb][vc_column css_animation=\u00bbfadeIn\u00bb css=\u00bb.vc_custom_1630667739320{margin-top: 0px !important;border-top-width: 0px !important;padding-right: 15% !important;padding-left: 15% !important;}\u00bb offset=\u00bbvc_hidden-sm vc_hidden-xs\u00bb][vc_separator color=\u00bbcustom\u00bb border_width=\u00bb2&#8243; el_width=\u00bb10&#8243; css_animation=\u00bbfadeIn\u00bb accent_color=\u00bbrgba(255,255,255,0.01)\u00bb css=\u00bb.vc_custom_1630659017932{padding-top: 2% !important;}\u00bb]<h3 class=\"frgn-element frgn-title frgn-align-inherit frgn-h3\" style=\"\"><span>\n<h1 style=\"text-align: center;\">\u00bfPensamos en el futuro juntos?<\/h1>\n<\/span><\/h3>[vc_column_text css_animation=\u00bbfadeIn\u00bb]\n<p style=\"text-align: center;\"><strong>35 a\u00f1os<\/strong> trabajando con \u00e9xito en la industria alimentaria y ahora lo queremos hacer junto a ti<\/p>\n[\/vc_column_text][vc_btn title=\u00bbCONTACTA CON NOSOTROS\u00bb shape=\u00bbsquare\u00bb color=\u00bbwhite\u00bb align=\u00bbcenter\u00bb css_animation=\u00bbfadeIn\u00bb link=\u00bburl:https%3A%2F%2Fdoccasfood.es%2F%3Fpage_id%3D376&#8243;][\/vc_column][\/vc_row][vc_row full_width=\u00bbstretch_row_content_no_spaces\u00bb content_placement=\u00bbmiddle\u00bb css=\u00bb.vc_custom_1630662518148{margin-top: 0px !important;border-top-width: 0px !important;padding-top: 0px !important;background-color: #ffd040 !important;background-position: center !important;background-repeat: no-repeat !important;background-size: contain !important;}\u00bb][vc_column css_animation=\u00bbfadeIn\u00bb css=\u00bb.vc_custom_1630667931827{margin-top: 0px !important;border-top-width: 0px !important;padding-right: 1% !important;padding-left: 1% !important;}\u00bb offset=\u00bbvc_hidden-sm vc_hidden-xs\u00bb][vc_images_carousel images=\u00bb241,242,243,244&#8243; img_size=\u00bbfull\u00bb onclick=\u00bblink_no\u00bb slides_per_view=\u00bb4&#8243; hide_pagination_control=\u00bbyes\u00bb hide_prev_next_buttons=\u00bbyes\u00bb][vc_separator color=\u00bbcustom\u00bb border_width=\u00bb2&#8243; el_width=\u00bb10&#8243; css_animation=\u00bbfadeIn\u00bb accent_color=\u00bbrgba(255,255,255,0.01)\u00bb css=\u00bb.vc_custom_1630659017932{padding-top: 2% !important;}\u00bb][\/vc_column][\/vc_row][vc_row full_width=\u00bbstretch_row_content_no_spaces\u00bb content_placement=\u00bbmiddle\u00bb css=\u00bb.vc_custom_1630662518148{margin-top: 0px !important;border-top-width: 0px !important;padding-top: 0px !important;background-color: #ffd040 !important;background-position: center !important;background-repeat: no-repeat !important;background-size: contain !important;}\u00bb][vc_column css_animation=\u00bbfadeIn\u00bb css=\u00bb.vc_custom_1630663985913{margin-top: 0px !important;border-top-width: 0px !important;padding-right: 10% !important;padding-left: 10% !important;}\u00bb offset=\u00bbvc_hidden-lg vc_hidden-md\u00bb][vc_separator color=\u00bbcustom\u00bb border_width=\u00bb2&#8243; el_width=\u00bb10&#8243; css_animation=\u00bbfadeIn\u00bb accent_color=\u00bbrgba(255,255,255,0.01)\u00bb css=\u00bb.vc_custom_1630659017932{padding-top: 2% !important;}\u00bb]<h3 class=\"frgn-element frgn-title frgn-align-inherit frgn-h3\" style=\"\"><span>\n<h1 style=\"text-align: center;\">\u00bfPensamos en el futuro juntos?<\/h1>\n<\/span><\/h3>[vc_column_text css_animation=\u00bbfadeIn\u00bb]\n<p style=\"text-align: center;\"><strong>35 a\u00f1os<\/strong> trabajando con \u00e9xito en la industria alimentaria y ahora lo queremos hacer junto a ti<\/p>\n[\/vc_column_text][vc_btn title=\u00bbCONTACTA CON NOSOTROS\u00bb shape=\u00bbsquare\u00bb color=\u00bbwhite\u00bb align=\u00bbcenter\u00bb css_animation=\u00bbfadeIn\u00bb][vc_separator color=\u00bbcustom\u00bb border_width=\u00bb2&#8243; el_width=\u00bb10&#8243; css_animation=\u00bbfadeIn\u00bb accent_color=\u00bbrgba(255,255,255,0.01)\u00bb css=\u00bb.vc_custom_1630659017932{padding-top: 2% !important;}\u00bb][\/vc_column][\/vc_row][vc_row full_width=\u00bbstretch_row_content_no_spaces\u00bb css=\u00bb.vc_custom_1630659494372{background-color: #ffd040 !important;}\u00bb][vc_column][vc_gmaps link=\u00bb#E-8_JTNDaWZyYW1lJTIwc3JjJTNEJTIyaHR0cHMlM0ElMkYlMkZ3d3cuZ29vZ2xlLmNvbSUyRm1hcHMlMkZlbWJlZCUzRnBiJTNEJTIxMW0xNCUyMTFtOCUyMTFtMyUyMTFkMTIzNDAuMTIzNTU2MjQ2MDg0JTIxMmQtMC40NDQ5MTg3MTMwMTQ1NDAzMyUyMTNkMzkuMzU1NTM3MDk5Nzc3NjIlMjEzbTIlMjExaTEwMjQlMjEyaTc2OCUyMTRmMTMuMSUyMTNtMyUyMTFtMiUyMTFzMHgwJTI1M0EweDdjYWNlODAxNDNkYTc3M2ElMjEyc0RPQ0NBUyUyNTIwRk9PRCUyMTVlMCUyMTNtMiUyMTFzZXMlMjEyc2VzJTIxNHYxNjMwNjU5NDM2NzA0JTIxNW0yJTIxMXNlcyUyMTJzZXMlMjIlMjB3aWR0aCUzRCUyMjYwMCUyMiUyMGhlaWdodCUzRCUyMjQ1MCUyMiUyMHN0eWxlJTNEJTIyYm9yZGVyJTNBMCUzQiUyMiUyMGFsbG93ZnVsbHNjcmVlbiUzRCUyMiUyMiUyMGxvYWRpbmclM0QlMjJsYXp5JTIyJTNFJTNDJTJGaWZyYW1lJTNF\u00bb][\/vc_column][\/vc_row]\n","protected":false},"excerpt":{"rendered":"<p>[vc_row full_width=\u00bbstretch_row_content\u00bb full_height=\u00bbyes\u00bb content_placement=\u00bbmiddle\u00bb css_animation=\u00bbfadeIn\u00bb css=\u00bb.vc_custom_1631099232203{background-image: url(https:\/\/doccasfood.es\/wp-content\/uploads\/2021\/09\/DOCCAS-WEB-RECURSOS_IMG-HOME.png?id=178) !important;background-position: center !important;background-repeat: no-repeat !important;background-size: cover !important;}\u00bb][vc_column css_animation=\u00bbfadeIn\u00bb width=\u00bb1\/3&#8243; css=\u00bb.vc_custom_1630919298339{padding-top: -10% !important;padding-right: 15% !important;padding-left: 15% !important;background-color: rgba(255,255,255,0.85) !important;*background-color: rgb(255,255,255) !important;}\u00bb][vc_separator color=\u00bbcustom\u00bb border_width=\u00bb2&#8243; el_width=\u00bb10&#8243; css_animation=\u00bbfadeIn\u00bb accent_color=\u00bbrgba(255,255,255,0.01)\u00bb css=\u00bb.vc_custom_1630659017932{padding-top: 2% !important;}\u00bb][vc_separator color=\u00bbcustom\u00bb border_width=\u00bb2&#8243; el_width=\u00bb10&#8243; css_animation=\u00bbfadeIn\u00bb accent_color=\u00bbrgba(255,255,255,0.01)\u00bb css=\u00bb.vc_custom_1630659017932{padding-top: 2% !important;}\u00bb][\/vc_column][vc_column width=\u00bb1\/3&#8243; offset=\u00bbvc_hidden-sm vc_hidden-xs\u00bb][\/vc_column][vc_column width=\u00bb1\/3&#8243; offset=\u00bbvc_hidden-sm vc_hidden-xs\u00bb][\/vc_column][\/vc_row][vc_row full_width=\u00bbstretch_row_content\u00bb][vc_column css=\u00bb.vc_custom_1630655191701{padding-top: 2% !important;padding-right: 5% !important;padding-left: [&hellip;]<\/p>\n","protected":false},"author":1,"featured_media":0,"parent":2,"menu_order":0,"comment_status":"closed","ping_status":"closed","template":"page-fullwidth.php","meta":{"footnotes":""},"class_list":["post-32","page","type-page","status-publish","hentry"],"_links":{"self":[{"href":"https:\/\/doccasfood.es\/index.php?rest_route=\/wp\/v2\/pages\/32","targetHints":{"allow":["GET"]}}],"collection":[{"href":"https:\/\/doccasfood.es\/index.php?rest_route=\/wp\/v2\/pages"}],"about":[{"href":"https:\/\/doccasfood.es\/index.php?rest_route=\/wp\/v2\/types\/page"}],"author":[{"embeddable":true,"href":"https:\/\/doccasfood.es\/index.php?rest_route=\/wp\/v2\/users\/1"}],"replies":[{"embeddable":true,"href":"https:\/\/doccasfood.es\/index.php?rest_route=%2Fwp%2Fv2%2Fcomments&post=32"}],"version-history":[{"count":240,"href":"https:\/\/doccasfood.es\/index.php?rest_route=\/wp\/v2\/pages\/32\/revisions"}],"predecessor-version":[{"id":418,"href":"https:\/\/doccasfood.es\/index.php?rest_route=\/wp\/v2\/pages\/32\/revisions\/418"}],"up":[{"embeddable":true,"href":"https:\/\/doccasfood.es\/index.php?rest_route=\/wp\/v2\/pages\/2"}],"wp:attachment":[{"href":"https:\/\/doccasfood.es\/index.php?rest_route=%2Fwp%2Fv2%2Fmedia&parent=32"}],"curies":[{"name":"wp","href":"https:\/\/api.w.org\/{rel}","templated":true}]}}